{"id":307,"date":"2023-06-15T18:21:58","date_gmt":"2023-06-15T18:21:58","guid":{"rendered":"http:\/\/www.psychiatryandbeyond.com\/home-2"},"modified":"2023-06-15T18:31:48","modified_gmt":"2023-06-15T18:31:48","slug":"home-2","status":"publish","type":"page","link":"https:\/\/www.psychiatryandbeyond.com\/es\/","title":{"rendered":"Home"},"content":{"rendered":"<p class=\"main_en\">At PSYCHIATRY AND BEYOND, we are delighted to be a part of your mental health journey. As a team of compassionate professionals, we\u2019re dedicated to offering a range of services that support your unique needs and experiences. We understand the complexities of mental health and we are here to navigate this path alongside with you. With a blend of empathy, expertise, and innovative solutions, we aim to foster a safe space for healing and growth. Together, we&#8217;ll work towards empowering you to cultivate resilience and improved mental wellness.<\/p>\n<p class=\"main_es\">En PSYCHIATRY AND BEYOND, estamos encantados de ser parte de su viaje de salud mental. Como un equipo de profesionales compasivos, estamos dedicados a ofrecer una gama de servicios que respalden sus necesidades y experiencias \u00fanicas. Entendemos las complejidades de la salud mental y estamos aqu\u00ed para recorrer este camino junto con usted. Con una combinaci\u00f3n de empat\u00eda, experiencia y soluciones innovadoras, nuestro objetivo es fomentar un espacio seguro para la curaci\u00f3n y el crecimiento. Juntos, trabajaremos para capacitarlo para que cultive la resiliencia y mejore el bienestar mental.<\/p>\n","protected":false},"excerpt":{"rendered":"<p>At PSYCHIATRY AND BEYOND, we are delighted to be a part of your mental health journey. As a team of compassionate professionals, we\u2019re dedicated to offering a range of services that support your unique needs and experiences. We understand the complexities of mental health and we are here to navigate this path alongside with you. &hellip; <a href=\"https:\/\/www.psychiatryandbeyond.com\/es\/\">Continue reading <span class=\"meta-nav\">&rarr;<\/span><\/a><\/p>\n","protected":false},"author":1,"featured_media":0,"parent":0,"menu_order":0,"comment_status":"closed","ping_status":"closed","template":"","meta":[],"translation":{"provider":"WPGlobus","version":"2.12.2","language":"es","enabled_languages":["en","es"],"languages":{"en":{"title":true,"content":true,"excerpt":false},"es":{"title":false,"content":false,"excerpt":false}}},"yoast_head":"<!-- This site is optimized with the Yoast SEO plugin v20.0 - https:\/\/yoast.com\/wordpress\/plugins\/seo\/ -->\n<title>Home - Psychiatric Services in Palmetto Bay, Florida<\/title>\n<meta name=\"robots\" content=\"index, follow, max-snippet:-1, max-image-preview:large, max-video-preview:-1\" \/>\n<link rel=\"canonical\" href=\"https:\/\/www.psychiatryandbeyond.com\/es\/\" \/>\n<meta property=\"og:locale\" content=\"es_ES\" \/>\n<meta property=\"og:type\" content=\"article\" \/>\n<meta property=\"og:title\" content=\"Home - Psychiatric Services in Palmetto Bay, Florida\" \/>\n<meta property=\"og:url\" content=\"https:\/\/www.psychiatryandbeyond.com\/es\/\" \/>\n<meta property=\"og:site_name\" content=\"PSYCHIATRY AND BEYOND\" \/>\n<meta property=\"article:publisher\" content=\"https:\/\/www.facebook.com\/profile.php?id=100094010960319\" \/>\n<meta property=\"article:modified_time\" content=\"2023-06-15T18:31:48+00:00\" \/>\n<meta name=\"twitter:card\" content=\"summary_large_image\" \/>\n<meta name=\"twitter:site\" content=\"@PsyandBeyond\" \/>\n<meta name=\"twitter:label1\" content=\"Est. reading time\" \/>\n\t<meta name=\"twitter:data1\" content=\"1 minute\" \/>\n<script type=\"application\/ld+json\" class=\"yoast-schema-graph\">{\"@context\":\"https:\/\/schema.org\",\"@graph\":[{\"@type\":\"WebPage\",\"@id\":\"https:\/\/www.psychiatryandbeyond.com\/es\/\",\"url\":\"https:\/\/www.psychiatryandbeyond.com\/es\/\",\"name\":\"Home - Psychiatric Services in Palmetto Bay, Florida\",\"isPartOf\":{\"@id\":\"https:\/\/www.psychiatryandbeyond.com\/es\/#website\"},\"datePublished\":\"2023-06-15T18:21:58+00:00\",\"dateModified\":\"2023-06-15T18:31:48+00:00\",\"description\":\"PSYCHIATRY AND BEYOND (DOMINGUEZ BAUTE CORP) provides comprehensive Psychiatric Services in Florida for improved mental wellness. Give us a call now!\",\"inLanguage\":\"es-ES\",\"potentialAction\":[{\"@type\":\"ReadAction\",\"target\":[\"https:\/\/www.psychiatryandbeyond.com\/es\/\"]}]},{\"@type\":\"WebSite\",\"@id\":\"https:\/\/www.psychiatryandbeyond.com\/es\/#website\",\"url\":\"https:\/\/www.psychiatryandbeyond.com\/es\/\",\"name\":\"PSYCHIATRY AND BEYOND\",\"description\":\"Just another WordPress site\",\"potentialAction\":[{\"@type\":\"SearchAction\",\"target\":{\"@type\":\"EntryPoint\",\"urlTemplate\":\"https:\/\/www.psychiatryandbeyond.com\/es\/?s={search_term_string}\"},\"query-input\":\"required name=search_term_string\"}],\"inLanguage\":\"es-ES\"}]}<\/script>\n<!-- \/ Yoast SEO plugin. -->","yoast_head_json":{"title":"Home - Psychiatric Services in Palmetto Bay, Florida","robots":{"index":"index","follow":"follow","max-snippet":"max-snippet:-1","max-image-preview":"max-image-preview:large","max-video-preview":"max-video-preview:-1"},"canonical":"https:\/\/www.psychiatryandbeyond.com\/es\/","og_locale":"es_ES","og_type":"article","og_title":"Home - Psychiatric Services in Palmetto Bay, Florida","og_url":"https:\/\/www.psychiatryandbeyond.com\/es\/","og_site_name":"PSYCHIATRY AND BEYOND","article_publisher":"https:\/\/www.facebook.com\/profile.php?id=100094010960319","article_modified_time":"2023-06-15T18:31:48+00:00","twitter_card":"summary_large_image","twitter_site":"@PsyandBeyond","twitter_misc":{"Est. reading time":"1 minute"},"schema":{"@context":"https:\/\/schema.org","@graph":[{"@type":"WebPage","@id":"https:\/\/www.psychiatryandbeyond.com\/es\/","url":"https:\/\/www.psychiatryandbeyond.com\/es\/","name":"Home - Psychiatric Services in Palmetto Bay, Florida","isPartOf":{"@id":"https:\/\/www.psychiatryandbeyond.com\/es\/#website"},"datePublished":"2023-06-15T18:21:58+00:00","dateModified":"2023-06-15T18:31:48+00:00","description":"PSYCHIATRY AND BEYOND (DOMINGUEZ BAUTE CORP) provides comprehensive Psychiatric Services in Florida for improved mental wellness. Give us a call now!","inLanguage":"es-ES","potentialAction":[{"@type":"ReadAction","target":["https:\/\/www.psychiatryandbeyond.com\/es\/"]}]},{"@type":"WebSite","@id":"https:\/\/www.psychiatryandbeyond.com\/es\/#website","url":"https:\/\/www.psychiatryandbeyond.com\/es\/","name":"PSYCHIATRY AND BEYOND","description":"Just another WordPress site","potentialAction":[{"@type":"SearchAction","target":{"@type":"EntryPoint","urlTemplate":"https:\/\/www.psychiatryandbeyond.com\/es\/?s={search_term_string}"},"query-input":"required name=search_term_string"}],"inLanguage":"es-ES"}]}},"_links":{"self":[{"href":"https:\/\/www.psychiatryandbeyond.com\/es\/wp-json\/wp\/v2\/pages\/307"}],"collection":[{"href":"https:\/\/www.psychiatryandbeyond.com\/es\/wp-json\/wp\/v2\/pages"}],"about":[{"href":"https:\/\/www.psychiatryandbeyond.com\/es\/wp-json\/wp\/v2\/types\/page"}],"author":[{"embeddable":true,"href":"https:\/\/www.psychiatryandbeyond.com\/es\/wp-json\/wp\/v2\/users\/1"}],"replies":[{"embeddable":true,"href":"https:\/\/www.psychiatryandbeyond.com\/es\/wp-json\/wp\/v2\/comments?post=307"}],"version-history":[{"count":2,"href":"https:\/\/www.psychiatryandbeyond.com\/es\/wp-json\/wp\/v2\/pages\/307\/revisions"}],"predecessor-version":[{"id":309,"href":"https:\/\/www.psychiatryandbeyond.com\/es\/wp-json\/wp\/v2\/pages\/307\/revisions\/309"}],"wp:attachment":[{"href":"https:\/\/www.psychiatryandbeyond.com\/es\/wp-json\/wp\/v2\/media?parent=307"}],"curies":[{"name":"wp","href":"https:\/\/api.w.org\/{rel}","templated":true}]}}