{"id":42,"date":"2023-06-08T08:48:39","date_gmt":"2023-06-08T08:48:39","guid":{"rendered":"http:\/\/www.psychiatryandbeyond.com\/?page_id=42"},"modified":"2023-06-16T22:03:42","modified_gmt":"2023-06-16T22:03:42","slug":"psychiatric-services-meet-our-specialists","status":"publish","type":"page","link":"https:\/\/www.psychiatryandbeyond.com\/es\/psychiatric-services-meet-our-specialists","title":{"rendered":"Conozca a nuestros Especialistas"},"content":{"rendered":"<div class=\"intro_txt\">Descubra nuestro equipo de profesionales compasivos, gui\u00e1ndolo hacia un bienestar mental m\u00e1s saludable.<\/div>\n<p>Descubra el equipo experimentado detr\u00e1s de nuestros servicios, un conjunto de profesionales experimentados comprometidos con su viaje de salud mental. Nuestros especialistas aportan una combinaci\u00f3n diversa de experiencia y dedicaci\u00f3n, con el objetivo com\u00fan de fomentar un entorno propicio para la curaci\u00f3n y el crecimiento. Su enfoque hol\u00edstico permite una atenci\u00f3n personalizada, centr\u00e1ndose en sus necesidades y experiencias \u00fanicas. Cada especialista encarna nuestro esp\u00edritu de empat\u00eda profesional, creando un espacio seguro y de confianza para el di\u00e1logo y la comprensi\u00f3n. Emprendamos este viaje juntos con la tranquilidad de tener un equipo de apoyo a su lado.<\/p>\n<p>Si tiene m\u00e1s preguntas, no dude en <a href=\"psychiatric-services-contact-us\">contactarnos<\/a>.<\/p>\n","protected":false},"excerpt":{"rendered":"<p>Descubra nuestro equipo de profesionales compasivos, gui\u00e1ndolo hacia un bienestar mental m\u00e1s saludable. Descubra el equipo experimentado detr\u00e1s de nuestros servicios, un conjunto de profesionales experimentados comprometidos con su viaje de salud mental. Nuestros especialistas aportan una combinaci\u00f3n diversa de experiencia y dedicaci\u00f3n, con el objetivo com\u00fan de fomentar un entorno propicio para la curaci\u00f3n &hellip; <a href=\"https:\/\/www.psychiatryandbeyond.com\/es\/psychiatric-services-meet-our-specialists\">Continue reading <span class=\"meta-nav\">&rarr;<\/span><\/a><\/p>\n","protected":false},"author":1,"featured_media":69,"parent":0,"menu_order":0,"comment_status":"closed","ping_status":"closed","template":"","meta":[],"translation":{"provider":"WPGlobus","version":"2.12.2","language":"es","enabled_languages":["en","es"],"languages":{"en":{"title":true,"content":true,"excerpt":false},"es":{"title":true,"content":true,"excerpt":false}}},"yoast_head":"<!-- This site is optimized with the Yoast SEO plugin v20.0 - https:\/\/yoast.com\/wordpress\/plugins\/seo\/ -->\n<title>Conozca a nuestros Especialistas - Psychiatric Services in Palmetto Bay, Florida<\/title>\n<meta name=\"robots\" content=\"index, follow, max-snippet:-1, max-image-preview:large, max-video-preview:-1\" \/>\n<link rel=\"canonical\" href=\"https:\/\/www.psychiatryandbeyond.com\/es\/psychiatric-services-meet-our-specialists\" \/>\n<meta property=\"og:locale\" content=\"es_ES\" \/>\n<meta property=\"og:type\" content=\"article\" \/>\n<meta property=\"og:title\" content=\"Conozca a nuestros Especialistas - Psychiatric Services in Palmetto Bay, Florida\" \/>\n<meta property=\"og:url\" content=\"https:\/\/www.psychiatryandbeyond.com\/es\/psychiatric-services-meet-our-specialists\" \/>\n<meta property=\"og:site_name\" content=\"PSYCHIATRY AND BEYOND\" \/>\n<meta property=\"article:publisher\" content=\"https:\/\/www.facebook.com\/profile.php?id=100094010960319\" \/>\n<meta property=\"article:modified_time\" content=\"2023-06-16T22:03:42+00:00\" \/>\n<meta property=\"og:image\" content=\"https:\/\/www.psychiatryandbeyond.com\/wp-content\/uploads\/2023\/06\/bnr-2101132801.jpg\" \/>\n\t<meta property=\"og:image:width\" content=\"1920\" \/>\n\t<meta property=\"og:image:height\" content=\"600\" \/>\n\t<meta property=\"og:image:type\" content=\"image\/jpeg\" \/>\n<meta name=\"twitter:card\" content=\"summary_large_image\" \/>\n<meta name=\"twitter:site\" content=\"@PsyandBeyond\" \/>\n<meta name=\"twitter:label1\" content=\"Est. reading time\" \/>\n\t<meta name=\"twitter:data1\" content=\"1 minute\" \/>\n<script type=\"application\/ld+json\" class=\"yoast-schema-graph\">{\"@context\":\"https:\/\/schema.org\",\"@graph\":[{\"@type\":\"WebPage\",\"@id\":\"https:\/\/www.psychiatryandbeyond.com\/es\/psychiatric-services-meet-our-specialists\",\"url\":\"https:\/\/www.psychiatryandbeyond.com\/es\/psychiatric-services-meet-our-specialists\",\"name\":\"Conozca a nuestros Especialistas - Psychiatric Services in Palmetto Bay, Florida\",\"isPartOf\":{\"@id\":\"https:\/\/www.psychiatryandbeyond.com\/es\/#website\"},\"datePublished\":\"2023-06-08T08:48:39+00:00\",\"dateModified\":\"2023-06-16T22:03:42+00:00\",\"description\":\"PSYCHIATRY AND BEYOND (DOMINGUEZ BAUTE CORP) provides comprehensive Psychiatric Services in Florida for improved mental wellness. Give us a call now!\",\"inLanguage\":\"es-ES\",\"potentialAction\":[{\"@type\":\"ReadAction\",\"target\":[\"https:\/\/www.psychiatryandbeyond.com\/es\/psychiatric-services-meet-our-specialists\"]}]},{\"@type\":\"WebSite\",\"@id\":\"https:\/\/www.psychiatryandbeyond.com\/es\/#website\",\"url\":\"https:\/\/www.psychiatryandbeyond.com\/es\/\",\"name\":\"PSYCHIATRY AND BEYOND\",\"description\":\"Just another WordPress site\",\"potentialAction\":[{\"@type\":\"SearchAction\",\"target\":{\"@type\":\"EntryPoint\",\"urlTemplate\":\"https:\/\/www.psychiatryandbeyond.com\/es\/?s={search_term_string}\"},\"query-input\":\"required name=search_term_string\"}],\"inLanguage\":\"es-ES\"}]}<\/script>\n<!-- \/ Yoast SEO plugin. -->","yoast_head_json":{"title":"Conozca a nuestros Especialistas - Psychiatric Services in Palmetto Bay, Florida","robots":{"index":"index","follow":"follow","max-snippet":"max-snippet:-1","max-image-preview":"max-image-preview:large","max-video-preview":"max-video-preview:-1"},"canonical":"https:\/\/www.psychiatryandbeyond.com\/es\/psychiatric-services-meet-our-specialists","og_locale":"es_ES","og_type":"article","og_title":"Conozca a nuestros Especialistas - Psychiatric Services in Palmetto Bay, Florida","og_url":"https:\/\/www.psychiatryandbeyond.com\/es\/psychiatric-services-meet-our-specialists","og_site_name":"PSYCHIATRY AND BEYOND","article_publisher":"https:\/\/www.facebook.com\/profile.php?id=100094010960319","article_modified_time":"2023-06-16T22:03:42+00:00","og_image":[{"width":1920,"height":600,"url":"https:\/\/www.psychiatryandbeyond.com\/wp-content\/uploads\/2023\/06\/bnr-2101132801.jpg","type":"image\/jpeg"}],"twitter_card":"summary_large_image","twitter_site":"@PsyandBeyond","twitter_misc":{"Est. reading time":"1 minute"},"schema":{"@context":"https:\/\/schema.org","@graph":[{"@type":"WebPage","@id":"https:\/\/www.psychiatryandbeyond.com\/es\/psychiatric-services-meet-our-specialists","url":"https:\/\/www.psychiatryandbeyond.com\/es\/psychiatric-services-meet-our-specialists","name":"Conozca a nuestros Especialistas - Psychiatric Services in Palmetto Bay, Florida","isPartOf":{"@id":"https:\/\/www.psychiatryandbeyond.com\/es\/#website"},"datePublished":"2023-06-08T08:48:39+00:00","dateModified":"2023-06-16T22:03:42+00:00","description":"PSYCHIATRY AND BEYOND (DOMINGUEZ BAUTE CORP) provides comprehensive Psychiatric Services in Florida for improved mental wellness. Give us a call now!","inLanguage":"es-ES","potentialAction":[{"@type":"ReadAction","target":["https:\/\/www.psychiatryandbeyond.com\/es\/psychiatric-services-meet-our-specialists"]}]},{"@type":"WebSite","@id":"https:\/\/www.psychiatryandbeyond.com\/es\/#website","url":"https:\/\/www.psychiatryandbeyond.com\/es\/","name":"PSYCHIATRY AND BEYOND","description":"Just another WordPress site","potentialAction":[{"@type":"SearchAction","target":{"@type":"EntryPoint","urlTemplate":"https:\/\/www.psychiatryandbeyond.com\/es\/?s={search_term_string}"},"query-input":"required name=search_term_string"}],"inLanguage":"es-ES"}]}},"_links":{"self":[{"href":"https:\/\/www.psychiatryandbeyond.com\/es\/wp-json\/wp\/v2\/pages\/42"}],"collection":[{"href":"https:\/\/www.psychiatryandbeyond.com\/es\/wp-json\/wp\/v2\/pages"}],"about":[{"href":"https:\/\/www.psychiatryandbeyond.com\/es\/wp-json\/wp\/v2\/types\/page"}],"author":[{"embeddable":true,"href":"https:\/\/www.psychiatryandbeyond.com\/es\/wp-json\/wp\/v2\/users\/1"}],"replies":[{"embeddable":true,"href":"https:\/\/www.psychiatryandbeyond.com\/es\/wp-json\/wp\/v2\/comments?post=42"}],"version-history":[{"count":8,"href":"https:\/\/www.psychiatryandbeyond.com\/es\/wp-json\/wp\/v2\/pages\/42\/revisions"}],"predecessor-version":[{"id":318,"href":"https:\/\/www.psychiatryandbeyond.com\/es\/wp-json\/wp\/v2\/pages\/42\/revisions\/318"}],"wp:featuredmedia":[{"embeddable":true,"href":"https:\/\/www.psychiatryandbeyond.com\/es\/wp-json\/wp\/v2\/media\/69"}],"wp:attachment":[{"href":"https:\/\/www.psychiatryandbeyond.com\/es\/wp-json\/wp\/v2\/media?parent=42"}],"curies":[{"name":"wp","href":"https:\/\/api.w.org\/{rel}","templated":true}]}}