{"id":43,"date":"2023-06-08T08:48:57","date_gmt":"2023-06-08T08:48:57","guid":{"rendered":"http:\/\/www.psychiatryandbeyond.com\/?page_id=43"},"modified":"2023-06-16T19:24:16","modified_gmt":"2023-06-16T19:24:16","slug":"psychiatric-services-send-us-your-feedback","status":"publish","type":"page","link":"https:\/\/www.psychiatryandbeyond.com\/es\/psychiatric-services-send-us-your-feedback","title":{"rendered":"Env\u00edanos Tu Comentario"},"content":{"rendered":"<p>Sus opiniones son muy importantes para nosotros en PSYCHIATRY AND BEYOND. Al compartir sus comentarios, desempe\u00f1a un papel activo para ayudarnos a refinar y mejorar nuestros servicios, siempre buscando la excelencia en la atenci\u00f3n de la salud mental. Esperamos ansiosamente sus comentarios, valor\u00e1ndolos como una parte esencial de nuestro viaje colectivo hacia el bienestar.<\/p>\n<p><iframe id=\"myframe\" class=\"\" src=\"https:\/\/www.psychiatryandbeyond.com\/wp-content\/themes\/psychiatricandez759\/forms\/clientSatisfactionForm-es.php\"><\/iframe><\/p>\n","protected":false},"excerpt":{"rendered":"<p>Sus opiniones son muy importantes para nosotros en PSYCHIATRY AND BEYOND. Al compartir sus comentarios, desempe\u00f1a un papel activo para ayudarnos a refinar y mejorar nuestros servicios, siempre buscando la excelencia en la atenci\u00f3n de la salud mental. Esperamos ansiosamente sus comentarios, valor\u00e1ndolos como una parte esencial de nuestro viaje colectivo hacia el bienestar.<\/p>\n","protected":false},"author":1,"featured_media":70,"parent":0,"menu_order":0,"comment_status":"closed","ping_status":"closed","template":"","meta":[],"translation":{"provider":"WPGlobus","version":"2.12.2","language":"es","enabled_languages":["en","es"],"languages":{"en":{"title":true,"content":true,"excerpt":false},"es":{"title":true,"content":true,"excerpt":false}}},"yoast_head":"<!-- This site is optimized with the Yoast SEO plugin v20.0 - https:\/\/yoast.com\/wordpress\/plugins\/seo\/ -->\n<title>Env\u00edanos Tu Comentario - Psychiatric Services in Palmetto Bay, Florida<\/title>\n<meta name=\"robots\" content=\"index, follow, max-snippet:-1, max-image-preview:large, max-video-preview:-1\" \/>\n<link rel=\"canonical\" href=\"https:\/\/www.psychiatryandbeyond.com\/es\/psychiatric-services-send-us-your-feedback\" \/>\n<meta property=\"og:locale\" content=\"es_ES\" \/>\n<meta property=\"og:type\" content=\"article\" \/>\n<meta property=\"og:title\" content=\"Env\u00edanos Tu Comentario - Psychiatric Services in Palmetto Bay, Florida\" \/>\n<meta property=\"og:url\" content=\"https:\/\/www.psychiatryandbeyond.com\/es\/psychiatric-services-send-us-your-feedback\" \/>\n<meta property=\"og:site_name\" content=\"PSYCHIATRY AND BEYOND\" \/>\n<meta property=\"article:publisher\" content=\"https:\/\/www.facebook.com\/profile.php?id=100094010960319\" \/>\n<meta property=\"article:modified_time\" content=\"2023-06-16T19:24:16+00:00\" \/>\n<meta property=\"og:image\" content=\"https:\/\/www.psychiatryandbeyond.com\/wp-content\/uploads\/2023\/06\/bnr-2172613047Ue718a2.jpg\" \/>\n\t<meta property=\"og:image:width\" content=\"1920\" \/>\n\t<meta property=\"og:image:height\" content=\"600\" \/>\n\t<meta property=\"og:image:type\" content=\"image\/jpeg\" \/>\n<meta name=\"twitter:card\" content=\"summary_large_image\" \/>\n<meta name=\"twitter:site\" content=\"@PsyandBeyond\" \/>\n<meta name=\"twitter:label1\" content=\"Est. reading time\" \/>\n\t<meta name=\"twitter:data1\" content=\"1 minute\" \/>\n<script type=\"application\/ld+json\" class=\"yoast-schema-graph\">{\"@context\":\"https:\/\/schema.org\",\"@graph\":[{\"@type\":\"WebPage\",\"@id\":\"https:\/\/www.psychiatryandbeyond.com\/es\/psychiatric-services-send-us-your-feedback\",\"url\":\"https:\/\/www.psychiatryandbeyond.com\/es\/psychiatric-services-send-us-your-feedback\",\"name\":\"Env\u00edanos Tu Comentario - Psychiatric Services in Palmetto Bay, Florida\",\"isPartOf\":{\"@id\":\"https:\/\/www.psychiatryandbeyond.com\/es\/#website\"},\"datePublished\":\"2023-06-08T08:48:57+00:00\",\"dateModified\":\"2023-06-16T19:24:16+00:00\",\"description\":\"PSYCHIATRY AND BEYOND (DOMINGUEZ BAUTE CORP) provides comprehensive Psychiatric Services in Florida for improved mental wellness. Give us a call now!\",\"inLanguage\":\"es-ES\",\"potentialAction\":[{\"@type\":\"ReadAction\",\"target\":[\"https:\/\/www.psychiatryandbeyond.com\/es\/psychiatric-services-send-us-your-feedback\"]}]},{\"@type\":\"WebSite\",\"@id\":\"https:\/\/www.psychiatryandbeyond.com\/es\/#website\",\"url\":\"https:\/\/www.psychiatryandbeyond.com\/es\/\",\"name\":\"PSYCHIATRY AND BEYOND\",\"description\":\"Just another WordPress site\",\"potentialAction\":[{\"@type\":\"SearchAction\",\"target\":{\"@type\":\"EntryPoint\",\"urlTemplate\":\"https:\/\/www.psychiatryandbeyond.com\/es\/?s={search_term_string}\"},\"query-input\":\"required name=search_term_string\"}],\"inLanguage\":\"es-ES\"}]}<\/script>\n<!-- \/ Yoast SEO plugin. -->","yoast_head_json":{"title":"Env\u00edanos Tu Comentario - Psychiatric Services in Palmetto Bay, Florida","robots":{"index":"index","follow":"follow","max-snippet":"max-snippet:-1","max-image-preview":"max-image-preview:large","max-video-preview":"max-video-preview:-1"},"canonical":"https:\/\/www.psychiatryandbeyond.com\/es\/psychiatric-services-send-us-your-feedback","og_locale":"es_ES","og_type":"article","og_title":"Env\u00edanos Tu Comentario - Psychiatric Services in Palmetto Bay, Florida","og_url":"https:\/\/www.psychiatryandbeyond.com\/es\/psychiatric-services-send-us-your-feedback","og_site_name":"PSYCHIATRY AND BEYOND","article_publisher":"https:\/\/www.facebook.com\/profile.php?id=100094010960319","article_modified_time":"2023-06-16T19:24:16+00:00","og_image":[{"width":1920,"height":600,"url":"https:\/\/www.psychiatryandbeyond.com\/wp-content\/uploads\/2023\/06\/bnr-2172613047Ue718a2.jpg","type":"image\/jpeg"}],"twitter_card":"summary_large_image","twitter_site":"@PsyandBeyond","twitter_misc":{"Est. reading time":"1 minute"},"schema":{"@context":"https:\/\/schema.org","@graph":[{"@type":"WebPage","@id":"https:\/\/www.psychiatryandbeyond.com\/es\/psychiatric-services-send-us-your-feedback","url":"https:\/\/www.psychiatryandbeyond.com\/es\/psychiatric-services-send-us-your-feedback","name":"Env\u00edanos Tu Comentario - Psychiatric Services in Palmetto Bay, Florida","isPartOf":{"@id":"https:\/\/www.psychiatryandbeyond.com\/es\/#website"},"datePublished":"2023-06-08T08:48:57+00:00","dateModified":"2023-06-16T19:24:16+00:00","description":"PSYCHIATRY AND BEYOND (DOMINGUEZ BAUTE CORP) provides comprehensive Psychiatric Services in Florida for improved mental wellness. Give us a call now!","inLanguage":"es-ES","potentialAction":[{"@type":"ReadAction","target":["https:\/\/www.psychiatryandbeyond.com\/es\/psychiatric-services-send-us-your-feedback"]}]},{"@type":"WebSite","@id":"https:\/\/www.psychiatryandbeyond.com\/es\/#website","url":"https:\/\/www.psychiatryandbeyond.com\/es\/","name":"PSYCHIATRY AND BEYOND","description":"Just another WordPress site","potentialAction":[{"@type":"SearchAction","target":{"@type":"EntryPoint","urlTemplate":"https:\/\/www.psychiatryandbeyond.com\/es\/?s={search_term_string}"},"query-input":"required name=search_term_string"}],"inLanguage":"es-ES"}]}},"_links":{"self":[{"href":"https:\/\/www.psychiatryandbeyond.com\/es\/wp-json\/wp\/v2\/pages\/43"}],"collection":[{"href":"https:\/\/www.psychiatryandbeyond.com\/es\/wp-json\/wp\/v2\/pages"}],"about":[{"href":"https:\/\/www.psychiatryandbeyond.com\/es\/wp-json\/wp\/v2\/types\/page"}],"author":[{"embeddable":true,"href":"https:\/\/www.psychiatryandbeyond.com\/es\/wp-json\/wp\/v2\/users\/1"}],"replies":[{"embeddable":true,"href":"https:\/\/www.psychiatryandbeyond.com\/es\/wp-json\/wp\/v2\/comments?post=43"}],"version-history":[{"count":7,"href":"https:\/\/www.psychiatryandbeyond.com\/es\/wp-json\/wp\/v2\/pages\/43\/revisions"}],"predecessor-version":[{"id":317,"href":"https:\/\/www.psychiatryandbeyond.com\/es\/wp-json\/wp\/v2\/pages\/43\/revisions\/317"}],"wp:featuredmedia":[{"embeddable":true,"href":"https:\/\/www.psychiatryandbeyond.com\/es\/wp-json\/wp\/v2\/media\/70"}],"wp:attachment":[{"href":"https:\/\/www.psychiatryandbeyond.com\/es\/wp-json\/wp\/v2\/media?parent=43"}],"curies":[{"name":"wp","href":"https:\/\/api.w.org\/{rel}","templated":true}]}}