{"id":44,"date":"2023-06-08T08:49:13","date_gmt":"2023-06-08T08:49:13","guid":{"rendered":"http:\/\/www.psychiatryandbeyond.com\/?page_id=44"},"modified":"2025-05-08T13:58:41","modified_gmt":"2025-05-08T13:58:41","slug":"psychiatric-services-insurances-accepted","status":"publish","type":"page","link":"https:\/\/www.psychiatryandbeyond.com\/es\/psychiatric-services-insurances-accepted","title":{"rendered":"Seguros Aceptados"},"content":{"rendered":"<div class=\"intro_txt\">\n    La accesibilidad es un compromiso; aceptamos con orgullo diversos planes de seguro para simplificar su viaje hacia una mejor salud mental.\n<\/div>\n<p>Aceptamos varios planes de seguro:<\/p>\n<ul class=\"bullet col2\">\n<li>MEDICAID<\/li>\n<li>MEDICARE<\/li>\n<li>MAGELLAN HEALTH CARE<\/li>\n<li>CAREPLUS<\/li>\n<li>DEVOTED<\/li>\n<li>DOCTOR&#8217;S HEALTH<\/li>\n<li>POSITIVE HEALTHCARE<\/li>\n<li>COMMERCIAL INSURANCE (E.G. COMCAST, EXXON MOBILE, NISSAN, LOWE&#8217;S)<\/li>\n<li>OPTUM BEHAVIORAL HEALTH<\/li>\n<li>AETNA (MEDICARE, COMMERCIAL AND MARKET PLACE)<\/li>\n<li>AVMED (MEDICARE AND COMMERCIAL)<\/li>\n<li>OSCAR HEALTH (MARKET PLACE)<\/li>\n<li>PREFERRED CARE PARTNERS<\/li>\n<li>MEDICA MEDICARE<\/li>\n<li>UNITED HEALTH CARE MEDICARE<\/li>\n<li>UNITED HEALTHCARE MEDICAID<\/li>\n<li>COMMERCIAL INSURANCES (E.G. MIAMI DADE COUNTY) <\/li>\n<li>CARELON<\/li>\n<li>HUMANA FLORIDA MEDICAID<\/li>\n<li>SIMPLY HEALTCARE MEDICAID<\/li>\n<li>CLEAR ALLIANCE MEDICAID<\/li>\n<li>HEALTHSUN DSNP<\/li>\n<li>FREDOM HEALTH PLAN MEDICARE<\/li>\n<li>SIMPLY HEALTHCARE MEDICARE<\/li>\n<li>HEALTHSUN MEDICARE<\/li>\n<li>OPTIMUM HEALTH PLAN MEDICARE<\/li>\n<li>CIGNA<\/li>\n<li>HUMANA<\/li>\n<li>SUNSHINE<\/li>\n<li>CHILDREN&#8217;S MEDICAL SERVICES HEALTH PLAN<\/li>\n<li>BLUE CROSS BLUE SHIELD<\/li>\n<li>UMR<\/li>\n<li>AMBETTER<\/li>\n<li>WELLCARE<\/li>\n<li>STAYWELL<\/li>\n<li>FLORIDA BLUE<\/li>\n<li>NEW DIRECTIONS \/ LUCET<\/li>\n<li>CENPATICO<\/li>\n<li>TRICARE<\/li>\n<li>MOLINA<\/li>\n<\/ul>\n<p>Lo alentamos a que se comunique con nosotros para determinar si podemos trabajar con su compa\u00f1\u00eda de seguros. Si su proveedor de seguros no est\u00e1 en la lista, ll\u00e1menos para verificar. Tambi\u00e9n damos la bienvenida a personas sin seguro y ofrecemos tarifas competitivas para nuestros servicios de salud mental.<\/p>\n","protected":false},"excerpt":{"rendered":"<p>La accesibilidad es un compromiso; aceptamos con orgullo diversos planes de seguro para simplificar su viaje hacia una mejor salud mental. Aceptamos varios planes de seguro: MEDICAID MEDICARE MAGELLAN HEALTH CARE CAREPLUS DEVOTED DOCTOR&#8217;S HEALTH POSITIVE HEALTHCARE COMMERCIAL INSURANCE (E.G. COMCAST, EXXON MOBILE, NISSAN, LOWE&#8217;S) OPTUM BEHAVIORAL HEALTH AETNA (MEDICARE, COMMERCIAL AND MARKET PLACE) AVMED &hellip; <a href=\"https:\/\/www.psychiatryandbeyond.com\/es\/psychiatric-services-insurances-accepted\">Continue reading <span class=\"meta-nav\">&rarr;<\/span><\/a><\/p>\n","protected":false},"author":1,"featured_media":71,"parent":0,"menu_order":0,"comment_status":"closed","ping_status":"closed","template":"","meta":[],"translation":{"provider":"WPGlobus","version":"2.12.2","language":"es","enabled_languages":["en","es"],"languages":{"en":{"title":true,"content":true,"excerpt":false},"es":{"title":true,"content":true,"excerpt":false}}},"yoast_head":"<!-- This site is optimized with the Yoast SEO plugin v20.0 - https:\/\/yoast.com\/wordpress\/plugins\/seo\/ -->\n<title>Seguros Aceptados - Psychiatric Services in Palmetto Bay, Florida<\/title>\n<meta name=\"robots\" content=\"index, follow, max-snippet:-1, max-image-preview:large, max-video-preview:-1\" \/>\n<link rel=\"canonical\" href=\"https:\/\/www.psychiatryandbeyond.com\/es\/psychiatric-services-insurances-accepted\" \/>\n<meta property=\"og:locale\" content=\"es_ES\" \/>\n<meta property=\"og:type\" content=\"article\" \/>\n<meta property=\"og:title\" content=\"Seguros Aceptados - Psychiatric Services in Palmetto Bay, Florida\" \/>\n<meta property=\"og:url\" content=\"https:\/\/www.psychiatryandbeyond.com\/es\/psychiatric-services-insurances-accepted\" \/>\n<meta property=\"og:site_name\" content=\"PSYCHIATRY AND BEYOND\" \/>\n<meta property=\"article:publisher\" content=\"https:\/\/www.facebook.com\/profile.php?id=100094010960319\" \/>\n<meta property=\"article:modified_time\" content=\"2025-05-08T13:58:41+00:00\" \/>\n<meta property=\"og:image\" content=\"https:\/\/www.psychiatryandbeyond.com\/wp-content\/uploads\/2023\/06\/bnr-2311094254Utem591.jpg\" \/>\n\t<meta property=\"og:image:width\" content=\"1920\" \/>\n\t<meta property=\"og:image:height\" content=\"600\" \/>\n\t<meta property=\"og:image:type\" content=\"image\/jpeg\" \/>\n<meta name=\"twitter:card\" content=\"summary_large_image\" \/>\n<meta name=\"twitter:site\" content=\"@PsyandBeyond\" \/>\n<meta name=\"twitter:label1\" content=\"Est. reading time\" \/>\n\t<meta name=\"twitter:data1\" content=\"1 minute\" \/>\n<script type=\"application\/ld+json\" class=\"yoast-schema-graph\">{\"@context\":\"https:\/\/schema.org\",\"@graph\":[{\"@type\":\"WebPage\",\"@id\":\"https:\/\/www.psychiatryandbeyond.com\/es\/psychiatric-services-insurances-accepted\",\"url\":\"https:\/\/www.psychiatryandbeyond.com\/es\/psychiatric-services-insurances-accepted\",\"name\":\"Seguros Aceptados - Psychiatric Services in Palmetto Bay, Florida\",\"isPartOf\":{\"@id\":\"https:\/\/www.psychiatryandbeyond.com\/es\/#website\"},\"datePublished\":\"2023-06-08T08:49:13+00:00\",\"dateModified\":\"2025-05-08T13:58:41+00:00\",\"description\":\"PSYCHIATRY AND BEYOND (DOMINGUEZ BAUTE CORP) provides comprehensive Psychiatric Services in Florida for improved mental wellness. Give us a call now!\",\"inLanguage\":\"es-ES\",\"potentialAction\":[{\"@type\":\"ReadAction\",\"target\":[\"https:\/\/www.psychiatryandbeyond.com\/es\/psychiatric-services-insurances-accepted\"]}]},{\"@type\":\"WebSite\",\"@id\":\"https:\/\/www.psychiatryandbeyond.com\/es\/#website\",\"url\":\"https:\/\/www.psychiatryandbeyond.com\/es\/\",\"name\":\"PSYCHIATRY AND BEYOND\",\"description\":\"Just another WordPress site\",\"potentialAction\":[{\"@type\":\"SearchAction\",\"target\":{\"@type\":\"EntryPoint\",\"urlTemplate\":\"https:\/\/www.psychiatryandbeyond.com\/es\/?s={search_term_string}\"},\"query-input\":\"required name=search_term_string\"}],\"inLanguage\":\"es-ES\"}]}<\/script>\n<!-- \/ Yoast SEO plugin. -->","yoast_head_json":{"title":"Seguros Aceptados - Psychiatric Services in Palmetto Bay, Florida","robots":{"index":"index","follow":"follow","max-snippet":"max-snippet:-1","max-image-preview":"max-image-preview:large","max-video-preview":"max-video-preview:-1"},"canonical":"https:\/\/www.psychiatryandbeyond.com\/es\/psychiatric-services-insurances-accepted","og_locale":"es_ES","og_type":"article","og_title":"Seguros Aceptados - Psychiatric Services in Palmetto Bay, Florida","og_url":"https:\/\/www.psychiatryandbeyond.com\/es\/psychiatric-services-insurances-accepted","og_site_name":"PSYCHIATRY AND BEYOND","article_publisher":"https:\/\/www.facebook.com\/profile.php?id=100094010960319","article_modified_time":"2025-05-08T13:58:41+00:00","og_image":[{"width":1920,"height":600,"url":"https:\/\/www.psychiatryandbeyond.com\/wp-content\/uploads\/2023\/06\/bnr-2311094254Utem591.jpg","type":"image\/jpeg"}],"twitter_card":"summary_large_image","twitter_site":"@PsyandBeyond","twitter_misc":{"Est. reading time":"1 minute"},"schema":{"@context":"https:\/\/schema.org","@graph":[{"@type":"WebPage","@id":"https:\/\/www.psychiatryandbeyond.com\/es\/psychiatric-services-insurances-accepted","url":"https:\/\/www.psychiatryandbeyond.com\/es\/psychiatric-services-insurances-accepted","name":"Seguros Aceptados - Psychiatric Services in Palmetto Bay, Florida","isPartOf":{"@id":"https:\/\/www.psychiatryandbeyond.com\/es\/#website"},"datePublished":"2023-06-08T08:49:13+00:00","dateModified":"2025-05-08T13:58:41+00:00","description":"PSYCHIATRY AND BEYOND (DOMINGUEZ BAUTE CORP) provides comprehensive Psychiatric Services in Florida for improved mental wellness. Give us a call now!","inLanguage":"es-ES","potentialAction":[{"@type":"ReadAction","target":["https:\/\/www.psychiatryandbeyond.com\/es\/psychiatric-services-insurances-accepted"]}]},{"@type":"WebSite","@id":"https:\/\/www.psychiatryandbeyond.com\/es\/#website","url":"https:\/\/www.psychiatryandbeyond.com\/es\/","name":"PSYCHIATRY AND BEYOND","description":"Just another WordPress site","potentialAction":[{"@type":"SearchAction","target":{"@type":"EntryPoint","urlTemplate":"https:\/\/www.psychiatryandbeyond.com\/es\/?s={search_term_string}"},"query-input":"required name=search_term_string"}],"inLanguage":"es-ES"}]}},"_links":{"self":[{"href":"https:\/\/www.psychiatryandbeyond.com\/es\/wp-json\/wp\/v2\/pages\/44"}],"collection":[{"href":"https:\/\/www.psychiatryandbeyond.com\/es\/wp-json\/wp\/v2\/pages"}],"about":[{"href":"https:\/\/www.psychiatryandbeyond.com\/es\/wp-json\/wp\/v2\/types\/page"}],"author":[{"embeddable":true,"href":"https:\/\/www.psychiatryandbeyond.com\/es\/wp-json\/wp\/v2\/users\/1"}],"replies":[{"embeddable":true,"href":"https:\/\/www.psychiatryandbeyond.com\/es\/wp-json\/wp\/v2\/comments?post=44"}],"version-history":[{"count":44,"href":"https:\/\/www.psychiatryandbeyond.com\/es\/wp-json\/wp\/v2\/pages\/44\/revisions"}],"predecessor-version":[{"id":737,"href":"https:\/\/www.psychiatryandbeyond.com\/es\/wp-json\/wp\/v2\/pages\/44\/revisions\/737"}],"wp:featuredmedia":[{"embeddable":true,"href":"https:\/\/www.psychiatryandbeyond.com\/es\/wp-json\/wp\/v2\/media\/71"}],"wp:attachment":[{"href":"https:\/\/www.psychiatryandbeyond.com\/es\/wp-json\/wp\/v2\/media?parent=44"}],"curies":[{"name":"wp","href":"https:\/\/api.w.org\/{rel}","templated":true}]}}