{"id":9,"date":"2023-06-08T07:47:49","date_gmt":"2023-06-08T07:47:49","guid":{"rendered":"http:\/\/www.psychiatryandbeyond.com\/?page_id=9"},"modified":"2023-07-03T02:24:39","modified_gmt":"2023-07-03T02:24:39","slug":"psychiatric-services-about-us","status":"publish","type":"page","link":"https:\/\/www.psychiatryandbeyond.com\/es\/psychiatric-services-about-us","title":{"rendered":"Acerca de Nosotros"},"content":{"rendered":"<div class=\"about_company\">\n<div class=\"about_company_content\">\n<h2>QUI\u00c9NES SOMOS<\/h2>\n<p><mark class=\"comp\">PSYCHIATRY AND BEYOND (DOMINGUEZ BAUTE CORP)<\/mark> fue fundada en 2020 por su propietaria Ileana Dom\u00ednguez Baute, doctora en medicina graduada en Cuba, con m\u00e1s de 25 a\u00f1os trabajando en la industria de la salud y m\u00e1s de 10 a\u00f1os trabajando en el \u00e1rea de la psiquiatr\u00eda.<\/p>\n<p>Nuestra pr\u00e1ctica se especializa y brinda servicios de psiquiatr\u00eda para atender las necesidades de la comunidad relacionados con los problemas de salud mental. Para ello, ofrecemos una diversa gama de servicios organizados dentro de un ecosistema que tiene como centro el tratamiento de la salud mental y que abarca otras \u00e1reas relacionadas con la autoestima, y la calidad de vida de los pacientes.<\/p>\n<p>En el \u00e1rea de la psiquiatr\u00eda ofrecemos servicios para tratar problemas relacionados con la ansiedad, la depresi\u00f3n, el estr\u00e9s, la bipolaridad, esquizofrenia, psicosis, p\u00e9rdida familiar, des\u00f3rdenes alimenticios, la obesidad, baja autoestima, problemas de sue\u00f1o, ataques de p\u00e1nico, Alzheimer, demencia, problemas de comportamiento, de atenci\u00f3n, problemas de impulsividad, concentraci\u00f3n, hiperactividad, etc.  <\/p>\n<p>Como servicios colaterales atendemos problemas relacionados con la nutrici\u00f3n, niveles de energ\u00eda, motivaci\u00f3n, control del peso y la calidad de vida. Para ellos ofrecemos tratamientos para el manejo del peso corporal, terapias nutricionales y suplementos vitam\u00ednicos endovenosos. Tambi\u00e9n ofrecemos ex\u00e1menes m\u00e9dicos a choferes que operan equipos pesados y camiones. <\/p>\n<\/div>\n<\/div>\n<div class=\"nh_mv\">\n<section id=\"mission\" class=\"nh_m\">\n<h2>MISI\u00d3N<\/h2>\n<p>Proveer servicios de atenci\u00f3n m\u00e9dica profesional de psiquiatr\u00eda con altos est\u00e1ndares de calidad para el tratamiento de problemas de salud mental basados en la \u00e9tica y la confidencialidad. Nuestro desempe\u00f1o est\u00e1 basado en la experiencia cl\u00ednica, el enfoque multicultural, con una combinaci\u00f3n de la empat\u00eda, la compasi\u00f3n, y la efectividad de los tratamientos. Nos centramos en el mejoramiento de la salud mental y la calidad de vida del paciente como premisa. Guiamos el camino de c\u00f3mo manejar su enfermedad y contribuir a un estilo de vida m\u00e1s funcional e independiente. <\/p>\n<\/section>\n<section id=\"vision\" class=\"nh_v\">\n<h2>VISI\u00d3N<\/h2>\n<p>Garantizar la prestaci\u00f3n de servicios profesionales de psiquiatr\u00eda de alta calidad y efectividad a las personas con problemas de salud mental a partir de la experiencia, la profesionalidad, y la competencia de nuestros especialistas. <\/p>\n<\/section>\n<\/div>\n<div class=\"about_the_owner\">\n<div class=\"about_the_owner_content\">\n<figure class=\"figure-center psuedo\">\n                            <img src=\"https:\/\/www.psychiatryandbeyond.com\/wp-content\/themes\/psychiatricandez759\/images\/ILEANA_DOMINGUEZ_BAUTE.png\" alt=\"Ileana Dominguez Baute\"><\/figure>\n<h2>ILEANA DOMINGUEZ BAUTE<\/h2>\n<p>Ileana Dom\u00ednguez Baute, naci\u00f3 en Cuba. Se gradu\u00f3 como doctora en Medicina General en 1997 y obtuvo su especialidad en Medicina Familiar en 2003. Como m\u00e9dico en su pa\u00eds natal, dedic\u00f3 varios a\u00f1os a ejercer la medicina familiar antes de emprender experiencias profesionales en Zimbabue y Guatemala.<\/p>\n<p>Su carrera profesional no se detuvo despu\u00e9s de su decisi\u00f3n de emigrar a EEUU en 2005. Complet\u00f3 con \u00e9xito su carrera de enfermer\u00eda y comenz\u00f3 a trabajar como enfermera de salud mental para pacientes internados en el \u00e1mbito hospitalario. Despu\u00e9s de varios a\u00f1os de desarrollo profesional, se convirti\u00f3 en Master en Ciencias de Enfermer\u00eda, certificada por la Junta del Departamento de Salud. Posteriormente curs\u00f3 sus estudios de posgrados obteniendo su t\u00edtulo en la especialidad de psiquiatr\u00eda.<\/p>\n<p>Habla ingl\u00e9s con fluidez. Tiene 3 a\u00f1os de experiencia cl\u00ednica como PMHNP trabajando en cl\u00ednicas comunitarias de salud mental en Miami Dade y el condado de Broward. Su oficina de pr\u00e1ctica privada &#8220;Psychiatry and Beyond&#8221;, ofrece atenci\u00f3n m\u00e9dica y psiqui\u00e1trica centrada en la comunidad de todo el estado de la Florida. <\/p>\n<\/div>\n<\/div>\n","protected":false},"excerpt":{"rendered":"<p>QUI\u00c9NES SOMOS PSYCHIATRY AND BEYOND (DOMINGUEZ BAUTE CORP) fue fundada en 2020 por su propietaria Ileana Dom\u00ednguez Baute, doctora en medicina graduada en Cuba, con m\u00e1s de 25 a\u00f1os trabajando en la industria de la salud y m\u00e1s de 10 a\u00f1os trabajando en el \u00e1rea de la psiquiatr\u00eda. Nuestra pr\u00e1ctica se especializa y brinda servicios &hellip; <a href=\"https:\/\/www.psychiatryandbeyond.com\/es\/psychiatric-services-about-us\">Continue reading <span class=\"meta-nav\">&rarr;<\/span><\/a><\/p>\n","protected":false},"author":1,"featured_media":63,"parent":0,"menu_order":0,"comment_status":"closed","ping_status":"closed","template":"","meta":[],"translation":{"provider":"WPGlobus","version":"2.12.2","language":"es","enabled_languages":["en","es"],"languages":{"en":{"title":true,"content":true,"excerpt":false},"es":{"title":true,"content":true,"excerpt":false}}},"yoast_head":"<!-- This site is optimized with the Yoast SEO plugin v20.0 - https:\/\/yoast.com\/wordpress\/plugins\/seo\/ -->\n<title>Acerca de Nosotros - Psychiatric Services in Palmetto Bay, Florida<\/title>\n<meta name=\"robots\" content=\"index, follow, max-snippet:-1, max-image-preview:large, max-video-preview:-1\" \/>\n<link rel=\"canonical\" href=\"https:\/\/www.psychiatryandbeyond.com\/es\/psychiatric-services-about-us\" \/>\n<meta property=\"og:locale\" content=\"es_ES\" \/>\n<meta property=\"og:type\" content=\"article\" \/>\n<meta property=\"og:title\" content=\"Acerca de Nosotros - Psychiatric Services in Palmetto Bay, Florida\" \/>\n<meta property=\"og:url\" content=\"https:\/\/www.psychiatryandbeyond.com\/es\/psychiatric-services-about-us\" \/>\n<meta property=\"og:site_name\" content=\"PSYCHIATRY AND BEYOND\" \/>\n<meta property=\"article:publisher\" content=\"https:\/\/www.facebook.com\/profile.php?id=100094010960319\" \/>\n<meta property=\"article:modified_time\" content=\"2023-07-03T02:24:39+00:00\" \/>\n<meta property=\"og:image\" content=\"https:\/\/www.psychiatryandbeyond.com\/wp-content\/uploads\/2023\/06\/bnr-115166540.jpg\" \/>\n\t<meta property=\"og:image:width\" content=\"1920\" \/>\n\t<meta property=\"og:image:height\" content=\"600\" \/>\n\t<meta property=\"og:image:type\" content=\"image\/jpeg\" \/>\n<meta name=\"twitter:card\" content=\"summary_large_image\" \/>\n<meta name=\"twitter:site\" content=\"@PsyandBeyond\" \/>\n<meta name=\"twitter:label1\" content=\"Est. reading time\" \/>\n\t<meta name=\"twitter:data1\" content=\"5 minutes\" \/>\n<script type=\"application\/ld+json\" class=\"yoast-schema-graph\">{\"@context\":\"https:\/\/schema.org\",\"@graph\":[{\"@type\":\"WebPage\",\"@id\":\"https:\/\/www.psychiatryandbeyond.com\/es\/psychiatric-services-about-us\",\"url\":\"https:\/\/www.psychiatryandbeyond.com\/es\/psychiatric-services-about-us\",\"name\":\"Acerca de Nosotros - Psychiatric Services in Palmetto Bay, Florida\",\"isPartOf\":{\"@id\":\"https:\/\/www.psychiatryandbeyond.com\/es\/#website\"},\"datePublished\":\"2023-06-08T07:47:49+00:00\",\"dateModified\":\"2023-07-03T02:24:39+00:00\",\"description\":\"PSYCHIATRY AND BEYOND (DOMINGUEZ BAUTE CORP) provides comprehensive Psychiatric Services in Florida for improved mental wellness. Give us a call now!\",\"inLanguage\":\"es-ES\",\"potentialAction\":[{\"@type\":\"ReadAction\",\"target\":[\"https:\/\/www.psychiatryandbeyond.com\/es\/psychiatric-services-about-us\"]}]},{\"@type\":\"WebSite\",\"@id\":\"https:\/\/www.psychiatryandbeyond.com\/es\/#website\",\"url\":\"https:\/\/www.psychiatryandbeyond.com\/es\/\",\"name\":\"PSYCHIATRY AND BEYOND\",\"description\":\"Just another WordPress site\",\"potentialAction\":[{\"@type\":\"SearchAction\",\"target\":{\"@type\":\"EntryPoint\",\"urlTemplate\":\"https:\/\/www.psychiatryandbeyond.com\/es\/?s={search_term_string}\"},\"query-input\":\"required name=search_term_string\"}],\"inLanguage\":\"es-ES\"}]}<\/script>\n<!-- \/ Yoast SEO plugin. -->","yoast_head_json":{"title":"Acerca de Nosotros - Psychiatric Services in Palmetto Bay, Florida","robots":{"index":"index","follow":"follow","max-snippet":"max-snippet:-1","max-image-preview":"max-image-preview:large","max-video-preview":"max-video-preview:-1"},"canonical":"https:\/\/www.psychiatryandbeyond.com\/es\/psychiatric-services-about-us","og_locale":"es_ES","og_type":"article","og_title":"Acerca de Nosotros - Psychiatric Services in Palmetto Bay, Florida","og_url":"https:\/\/www.psychiatryandbeyond.com\/es\/psychiatric-services-about-us","og_site_name":"PSYCHIATRY AND BEYOND","article_publisher":"https:\/\/www.facebook.com\/profile.php?id=100094010960319","article_modified_time":"2023-07-03T02:24:39+00:00","og_image":[{"width":1920,"height":600,"url":"https:\/\/www.psychiatryandbeyond.com\/wp-content\/uploads\/2023\/06\/bnr-115166540.jpg","type":"image\/jpeg"}],"twitter_card":"summary_large_image","twitter_site":"@PsyandBeyond","twitter_misc":{"Est. reading time":"5 minutes"},"schema":{"@context":"https:\/\/schema.org","@graph":[{"@type":"WebPage","@id":"https:\/\/www.psychiatryandbeyond.com\/es\/psychiatric-services-about-us","url":"https:\/\/www.psychiatryandbeyond.com\/es\/psychiatric-services-about-us","name":"Acerca de Nosotros - Psychiatric Services in Palmetto Bay, Florida","isPartOf":{"@id":"https:\/\/www.psychiatryandbeyond.com\/es\/#website"},"datePublished":"2023-06-08T07:47:49+00:00","dateModified":"2023-07-03T02:24:39+00:00","description":"PSYCHIATRY AND BEYOND (DOMINGUEZ BAUTE CORP) provides comprehensive Psychiatric Services in Florida for improved mental wellness. Give us a call now!","inLanguage":"es-ES","potentialAction":[{"@type":"ReadAction","target":["https:\/\/www.psychiatryandbeyond.com\/es\/psychiatric-services-about-us"]}]},{"@type":"WebSite","@id":"https:\/\/www.psychiatryandbeyond.com\/es\/#website","url":"https:\/\/www.psychiatryandbeyond.com\/es\/","name":"PSYCHIATRY AND BEYOND","description":"Just another WordPress site","potentialAction":[{"@type":"SearchAction","target":{"@type":"EntryPoint","urlTemplate":"https:\/\/www.psychiatryandbeyond.com\/es\/?s={search_term_string}"},"query-input":"required name=search_term_string"}],"inLanguage":"es-ES"}]}},"_links":{"self":[{"href":"https:\/\/www.psychiatryandbeyond.com\/es\/wp-json\/wp\/v2\/pages\/9"}],"collection":[{"href":"https:\/\/www.psychiatryandbeyond.com\/es\/wp-json\/wp\/v2\/pages"}],"about":[{"href":"https:\/\/www.psychiatryandbeyond.com\/es\/wp-json\/wp\/v2\/types\/page"}],"author":[{"embeddable":true,"href":"https:\/\/www.psychiatryandbeyond.com\/es\/wp-json\/wp\/v2\/users\/1"}],"replies":[{"embeddable":true,"href":"https:\/\/www.psychiatryandbeyond.com\/es\/wp-json\/wp\/v2\/comments?post=9"}],"version-history":[{"count":41,"href":"https:\/\/www.psychiatryandbeyond.com\/es\/wp-json\/wp\/v2\/pages\/9\/revisions"}],"predecessor-version":[{"id":575,"href":"https:\/\/www.psychiatryandbeyond.com\/es\/wp-json\/wp\/v2\/pages\/9\/revisions\/575"}],"wp:featuredmedia":[{"embeddable":true,"href":"https:\/\/www.psychiatryandbeyond.com\/es\/wp-json\/wp\/v2\/media\/63"}],"wp:attachment":[{"href":"https:\/\/www.psychiatryandbeyond.com\/es\/wp-json\/wp\/v2\/media?parent=9"}],"curies":[{"name":"wp","href":"https:\/\/api.w.org\/{rel}","templated":true}]}}